{"id":8932,"date":"2018-05-22T08:33:16","date_gmt":"2018-05-22T08:33:16","guid":{"rendered":"http:\/\/corporacionmasaveu.com\/en\/?page_id=8932"},"modified":"2018-05-29T10:40:06","modified_gmt":"2018-05-29T10:40:06","slug":"more-information-on-the-processing-of-your-contact-data-for-sending-message-to-our-mailbox","status":"publish","type":"page","link":"https:\/\/corporacionmasaveu.com\/en\/more-information-on-the-processing-of-your-contact-data-for-sending-message-to-our-mailbox\/","title":{"rendered":"More information on the processing of your CV"},"content":{"rendered":"<p>&nbsp;<\/p>\n<p><b>Who processes your data?<\/b><\/p>\n<p><span style=\"font-weight: 400;\">CORPORACI\u00d3N MASAVEU, S.A. with registered address in C\/Cimadevilla, 8 \u2013 33003 Oviedo (Asturias) with C.I.F. A-33001595 and registered in the Companies Registry of Oviedo and contact email institucional@masaveu.com<\/span><\/p>\n<p><b>For what purpose?<\/b><\/p>\n<p><span style=\"font-weight: 400;\">To assess your curriculum within the framework of the selection processes promoted by CORPORACI\u00d3N MASAVEU, S.A. and the group companies listed below:<\/span><\/p>\n<p><span style=\"font-weight: 400;\">Industry: MASAVEU INDUSTRIA, S.L. CEMENTOS TUDELA VEGU\u00cdN, S.A. COMERCIAL IBEROAMERICANA DE SERVICIOS, S.A. ESTABISOL, S.A. GENERAL DE HORMIGONES, S.A. MORTEROS TUDELA VEGU\u00cdN, S.A. ESCORIAS Y DERIVADOS, S.A. ARENAS DE BOBIA, S.L. CANTERA CASTA\u00d1ERA, S.A. COMERCIAL ASTURIANA DE GRANELES, S.A. LINDE SEDILSA, S.L. MOLINOS CEMENTEROS LUSO GALAICOS, S.A. GENERAL DE ESCORIAS, S.A. REBARCO, S.L. HORMIGONES Y ARIDOS LA BARCA, S.A.<\/span><\/p>\n<p><span style=\"font-weight: 400;\">Wineries: MASAVEU BODEGAS, S.L. BODEGAS FILLABOA, S.A. POMARADAS Y LLAGARES DE SARIEGO, S.L. BODEGAS MUR\u00daA, S.A. BODEGAS PAGOS DE ARAIZ, S.A. BODEGAS LEDA VI\u00d1AS VIEJAS SL<\/span><\/p>\n<p><span style=\"font-weight: 400;\">Car parks: APARCAMIENTOS DE ASTURIAS, S.A. APARCAMIENTO HOSPITAL VIRGEN DEL ROC\u00cdO, S.L. ESTACIONAMIENTOS CONTROLADOS, S.A. ESTACIONAMIENTOS DEL NOROESTE, S.A. ESTACIONAMIENTOS IRU\u00d1A, S.A. ESTACIONAMIENTOS PONTEVEDRA, S.L. ESTACIONAMIENTOS PRAZA DO REI, S.L. MASAVEU APARCAMIENTOS, S.L.<\/span><\/p>\n<p><span style=\"font-weight: 400;\">Real Estate: MASAVEU INMOBILIARIA, S.A.<\/span><\/p>\n<p><b>Why can they do so?<\/b><\/p>\n<p><span style=\"font-weight: 400;\">Because on sending in your application you tick a box which gives us your consent to process your data for the defined purposes.<\/span><\/p>\n<p><b>Who else has access to your data?<\/b><\/p>\n<p><span style=\"font-weight: 400;\">Your data shall not be disclosed to third parties. Your data shall be processed exclusively for the purposes defined in the MASAVEU Group company\u2019s selection processes.<\/span><\/p>\n<p><b>What are your rights and where can you demand them?<\/b><\/p>\n<p><span style=\"font-weight: 400;\">The right to access your data and be informed about its use.<\/span><\/p>\n<p><span style=\"font-weight: 400;\">The right to correct data which is incomplete or incorrect.<\/span><\/p>\n<p><span style=\"font-weight: 400;\">The right to delete data when it is no longer necessary, in accordance with law, consent is withdrawn or you object to its use, amongst other reasons. <\/span><\/p>\n<p><span style=\"font-weight: 400;\">The right to object to the processing of data based on personal conditions, in which case once the reasons have been examined the data will no longer be processed.<\/span><\/p>\n<p><span style=\"font-weight: 400;\">The right to restrict the processing of the data while assessing the legal validity of the request, opposition to erasure or you wish them to be conserved in order to exercise or defend claims.<\/span><\/p>\n<p><span style=\"font-weight: 400;\">Withdrawal of consent for the processing of your data, which shall not affect the processing carried out up to that time.<\/span><\/p>\n<p><span style=\"font-weight: 400;\">You can request to exercise these rights by sending written notification to: Dpto. de atenci\u00f3n de derechos de los interesados, c\/ Cimadevilla 8, 33003 Oviedo (Asturias) or by sending an email to the following address atenci\u00f3n.derechos@grma.masaveu.com.<\/span><\/p>\n<p><span style=\"font-weight: 400;\">You can also submit a complaint to the Spanish Data Protection Agency (AEPD) if you think that your data is not being processed in compliance with law.<\/span><\/p>\n<p><b>For how long will your data be kept?<\/b><\/p>\n<p><span style=\"font-weight: 400;\">If you have not participated in any selection process, your curriculum will be erased within two years of its reception.<\/span><\/p>\n<p><span style=\"font-weight: 400;\">If you have been involved in a selection process, the result of such will form part of your files in the company if you have been selected or on the contrary, if you have not been successful, your data will be eliminated within 3 years.<\/span><\/p>\n","protected":false},"excerpt":{"rendered":"<p>&nbsp; Who processes your data? CORPORACI\u00d3N MASAVEU, S.A. with registered address in C\/Cimadevilla, 8 \u2013 33003 Oviedo (Asturias) with C.I.F. A-33001595 and registered in the Companies Registry of Oviedo and contact email institucional@masaveu.com For what purpose? To assess your curriculum within the framework of the selection processes promoted by CORPORACI\u00d3N MASAVEU, S.A. and the group companies listed below: Industry: MASAVEU INDUSTRIA, S.L. CEMENTOS TUDELA VEGU\u00cdN, S.A. COMERCIAL IBEROAMERICANA DE SERVICIOS, S.A. ESTABISOL, S.A. GENERAL DE HORMIGONES, S.A. MORTEROS TUDELA VEGU\u00cdN, S.A. ESCORIAS Y DERIVADOS, S.A. ARENAS DE BOBIA, S.L. CANTERA CASTA\u00d1ERA, S.A. COMERCIAL ASTURIANA DE GRANELES, S.A. LINDE SEDILSA, S.L. [&hellip;]<\/p>\n","protected":false},"author":1,"featured_media":0,"parent":0,"menu_order":0,"comment_status":"closed","ping_status":"closed","template":"","meta":{"footnotes":""},"class_list":["post-8932","page","type-page","status-publish","hentry"],"yoast_head":"<!-- This site is optimized with the Yoast SEO plugin v27.3 - https:\/\/yoast.com\/product\/yoast-seo-wordpress\/ -->\n<title>More information on the processing of your CV - Corporaci\u00f3n Masaveu<\/title>\n<meta name=\"description\" content=\"&nbsp; Who processes your data? CORPORACI\u00d3N MASAVEU, S.A. with registered address in C\/Cimadevilla, 8 \u2013 33003 Oviedo (Asturias) with C.I.F. A-33001595 and\" \/>\n<meta name=\"robots\" content=\"index, follow, max-snippet:-1, max-image-preview:large, max-video-preview:-1\" \/>\n<link rel=\"canonical\" href=\"https:\/\/corporacionmasaveu.com\/en\/more-information-on-the-processing-of-your-contact-data-for-sending-message-to-our-mailbox\/\" \/>\n<meta property=\"og:locale\" content=\"en_US\" \/>\n<meta property=\"og:type\" content=\"article\" \/>\n<meta property=\"og:title\" content=\"More information on the processing of your CV - Corporaci\u00f3n Masaveu\" \/>\n<meta property=\"og:description\" content=\"&nbsp; Who processes your data? CORPORACI\u00d3N MASAVEU, S.A. with registered address in C\/Cimadevilla, 8 \u2013 33003 Oviedo (Asturias) with C.I.F. A-33001595 and\" \/>\n<meta property=\"og:url\" content=\"https:\/\/corporacionmasaveu.com\/en\/more-information-on-the-processing-of-your-contact-data-for-sending-message-to-our-mailbox\/\" \/>\n<meta property=\"og:site_name\" content=\"Corporaci\u00f3n Masaveu\" \/>\n<meta property=\"article:modified_time\" content=\"2018-05-29T10:40:06+00:00\" \/>\n<meta name=\"twitter:card\" content=\"summary_large_image\" \/>\n<meta name=\"twitter:site\" content=\"@MasaveuCorp\" \/>\n<meta name=\"twitter:label1\" content=\"Est. reading time\" \/>\n\t<meta name=\"twitter:data1\" content=\"3 minutes\" \/>\n<script type=\"application\/ld+json\" class=\"yoast-schema-graph\">{\"@context\":\"https:\\\/\\\/schema.org\",\"@graph\":[{\"@type\":\"WebPage\",\"@id\":\"https:\\\/\\\/corporacionmasaveu.com\\\/en\\\/more-information-on-the-processing-of-your-contact-data-for-sending-message-to-our-mailbox\\\/\",\"url\":\"https:\\\/\\\/corporacionmasaveu.com\\\/en\\\/more-information-on-the-processing-of-your-contact-data-for-sending-message-to-our-mailbox\\\/\",\"name\":\"More information on the processing of your CV - Corporaci\u00f3n Masaveu\",\"isPartOf\":{\"@id\":\"https:\\\/\\\/corporacionmasaveu.com\\\/#website\"},\"datePublished\":\"2018-05-22T08:33:16+00:00\",\"dateModified\":\"2018-05-29T10:40:06+00:00\",\"description\":\"&nbsp; Who processes your data? CORPORACI\u00d3N MASAVEU, S.A. with registered address in C\\\/Cimadevilla, 8 \u2013 33003 Oviedo (Asturias) with C.I.F. A-33001595 and\",\"breadcrumb\":{\"@id\":\"https:\\\/\\\/corporacionmasaveu.com\\\/en\\\/more-information-on-the-processing-of-your-contact-data-for-sending-message-to-our-mailbox\\\/#breadcrumb\"},\"inLanguage\":\"en-US\",\"potentialAction\":[{\"@type\":\"ReadAction\",\"target\":[\"https:\\\/\\\/corporacionmasaveu.com\\\/en\\\/more-information-on-the-processing-of-your-contact-data-for-sending-message-to-our-mailbox\\\/\"]}]},{\"@type\":\"BreadcrumbList\",\"@id\":\"https:\\\/\\\/corporacionmasaveu.com\\\/en\\\/more-information-on-the-processing-of-your-contact-data-for-sending-message-to-our-mailbox\\\/#breadcrumb\",\"itemListElement\":[{\"@type\":\"ListItem\",\"position\":1,\"name\":\"Portada\",\"item\":\"https:\\\/\\\/corporacionmasaveu.com\\\/en\\\/\"},{\"@type\":\"ListItem\",\"position\":2,\"name\":\"More information on the processing of your CV\"}]},{\"@type\":\"WebSite\",\"@id\":\"https:\\\/\\\/corporacionmasaveu.com\\\/#website\",\"url\":\"https:\\\/\\\/corporacionmasaveu.com\\\/\",\"name\":\"Corporaci\u00f3n Masaveu\",\"description\":\"\",\"potentialAction\":[{\"@type\":\"SearchAction\",\"target\":{\"@type\":\"EntryPoint\",\"urlTemplate\":\"https:\\\/\\\/corporacionmasaveu.com\\\/?s={search_term_string}\"},\"query-input\":{\"@type\":\"PropertyValueSpecification\",\"valueRequired\":true,\"valueName\":\"search_term_string\"}}],\"inLanguage\":\"en-US\"}]}<\/script>\n<!-- \/ Yoast SEO plugin. -->","yoast_head_json":{"title":"More information on the processing of your CV - Corporaci\u00f3n Masaveu","description":"&nbsp; Who processes your data? CORPORACI\u00d3N MASAVEU, S.A. with registered address in C\/Cimadevilla, 8 \u2013 33003 Oviedo (Asturias) with C.I.F. A-33001595 and","robots":{"index":"index","follow":"follow","max-snippet":"max-snippet:-1","max-image-preview":"max-image-preview:large","max-video-preview":"max-video-preview:-1"},"canonical":"https:\/\/corporacionmasaveu.com\/en\/more-information-on-the-processing-of-your-contact-data-for-sending-message-to-our-mailbox\/","og_locale":"en_US","og_type":"article","og_title":"More information on the processing of your CV - Corporaci\u00f3n Masaveu","og_description":"&nbsp; Who processes your data? CORPORACI\u00d3N MASAVEU, S.A. with registered address in C\/Cimadevilla, 8 \u2013 33003 Oviedo (Asturias) with C.I.F. A-33001595 and","og_url":"https:\/\/corporacionmasaveu.com\/en\/more-information-on-the-processing-of-your-contact-data-for-sending-message-to-our-mailbox\/","og_site_name":"Corporaci\u00f3n Masaveu","article_modified_time":"2018-05-29T10:40:06+00:00","twitter_card":"summary_large_image","twitter_site":"@MasaveuCorp","twitter_misc":{"Est. reading time":"3 minutes"},"schema":{"@context":"https:\/\/schema.org","@graph":[{"@type":"WebPage","@id":"https:\/\/corporacionmasaveu.com\/en\/more-information-on-the-processing-of-your-contact-data-for-sending-message-to-our-mailbox\/","url":"https:\/\/corporacionmasaveu.com\/en\/more-information-on-the-processing-of-your-contact-data-for-sending-message-to-our-mailbox\/","name":"More information on the processing of your CV - Corporaci\u00f3n Masaveu","isPartOf":{"@id":"https:\/\/corporacionmasaveu.com\/#website"},"datePublished":"2018-05-22T08:33:16+00:00","dateModified":"2018-05-29T10:40:06+00:00","description":"&nbsp; Who processes your data? CORPORACI\u00d3N MASAVEU, S.A. with registered address in C\/Cimadevilla, 8 \u2013 33003 Oviedo (Asturias) with C.I.F. A-33001595 and","breadcrumb":{"@id":"https:\/\/corporacionmasaveu.com\/en\/more-information-on-the-processing-of-your-contact-data-for-sending-message-to-our-mailbox\/#breadcrumb"},"inLanguage":"en-US","potentialAction":[{"@type":"ReadAction","target":["https:\/\/corporacionmasaveu.com\/en\/more-information-on-the-processing-of-your-contact-data-for-sending-message-to-our-mailbox\/"]}]},{"@type":"BreadcrumbList","@id":"https:\/\/corporacionmasaveu.com\/en\/more-information-on-the-processing-of-your-contact-data-for-sending-message-to-our-mailbox\/#breadcrumb","itemListElement":[{"@type":"ListItem","position":1,"name":"Portada","item":"https:\/\/corporacionmasaveu.com\/en\/"},{"@type":"ListItem","position":2,"name":"More information on the processing of your CV"}]},{"@type":"WebSite","@id":"https:\/\/corporacionmasaveu.com\/#website","url":"https:\/\/corporacionmasaveu.com\/","name":"Corporaci\u00f3n Masaveu","description":"","potentialAction":[{"@type":"SearchAction","target":{"@type":"EntryPoint","urlTemplate":"https:\/\/corporacionmasaveu.com\/?s={search_term_string}"},"query-input":{"@type":"PropertyValueSpecification","valueRequired":true,"valueName":"search_term_string"}}],"inLanguage":"en-US"}]}},"_links":{"self":[{"href":"https:\/\/corporacionmasaveu.com\/en\/wp-json\/wp\/v2\/pages\/8932","targetHints":{"allow":["GET"]}}],"collection":[{"href":"https:\/\/corporacionmasaveu.com\/en\/wp-json\/wp\/v2\/pages"}],"about":[{"href":"https:\/\/corporacionmasaveu.com\/en\/wp-json\/wp\/v2\/types\/page"}],"author":[{"embeddable":true,"href":"https:\/\/corporacionmasaveu.com\/en\/wp-json\/wp\/v2\/users\/1"}],"replies":[{"embeddable":true,"href":"https:\/\/corporacionmasaveu.com\/en\/wp-json\/wp\/v2\/comments?post=8932"}],"version-history":[{"count":5,"href":"https:\/\/corporacionmasaveu.com\/en\/wp-json\/wp\/v2\/pages\/8932\/revisions"}],"predecessor-version":[{"id":8968,"href":"https:\/\/corporacionmasaveu.com\/en\/wp-json\/wp\/v2\/pages\/8932\/revisions\/8968"}],"wp:attachment":[{"href":"https:\/\/corporacionmasaveu.com\/en\/wp-json\/wp\/v2\/media?parent=8932"}],"curies":[{"name":"wp","href":"https:\/\/api.w.org\/{rel}","templated":true}]}}