{"id":6793,"date":"2015-04-10T10:39:07","date_gmt":"2015-04-10T10:39:07","guid":{"rendered":"http:\/\/corporacionmasaveu.com\/?page_id=6793"},"modified":"2015-04-10T10:53:19","modified_gmt":"2015-04-10T10:53:19","slug":"art-gallery","status":"publish","type":"page","link":"https:\/\/corporacionmasaveu.com\/en\/art-gallery\/","title":{"rendered":"Art Gallery"},"content":{"rendered":"<div class=\"fusion-one-third fusion-layout-column fusion-spacing-yes\" style=\"margin-top:0px;margin-bottom:20px;\"><div class=\"fusion-column-wrapper\"><div class=\"imageframe-align-center\"><span style=\"border:5px solid #f6f6f6;-moz-box-shadow: 2px 3px 7px rgba(0,0,0,.3);-webkit-box-shadow: 2px 3px 7px rgba(0,0,0,.3);box-shadow: 2px 3px 7px rgba(0,0,0,.3);\" class=\"fusion-imageframe imageframe-dropshadow imageframe-1 hover-type-none\"><a href=\"http:\/\/corporacionmasaveu.com\/wp-content\/uploads\/2015\/04\/Captura-de-pantalla-2015-04-08-a-las-18.49.50.png\" class=\"fusion-lightbox\" data-rel=\"iLightbox[07a3e9be5bd932d15d1]\"><img decoding=\"async\" src=\"http:\/\/corporacionmasaveu.com\/wp-content\/uploads\/2015\/04\/Captura-de-pantalla-2015-04-08-a-las-18.49.50.png\" alt=\"Campamento de holofernes, 1538. Author: Mathias Gerung. Property of Colecci\u00f3n Masaveu. \u00a9 Fundaci\u00f3n Mar\u00eda Cristina Masaveu Peterson, 2013. Photography by Jos\u00e9 Bazt\u00e1n. MP OP 71\" class=\"img-responsive\"\/><\/a><\/span><\/div><div class=\"fusion-clearfix\"><\/div><\/div><\/div>\n<div class=\"fusion-one-third fusion-layout-column fusion-spacing-yes\" style=\"margin-top:0px;margin-bottom:20px;\"><div class=\"fusion-column-wrapper\"><div class=\"imageframe-align-center\"><span style=\"border:5px solid #f6f6f6;-moz-box-shadow: 2px 3px 7px rgba(0,0,0,.3);-webkit-box-shadow: 2px 3px 7px rgba(0,0,0,.3);box-shadow: 2px 3px 7px rgba(0,0,0,.3);\" class=\"fusion-imageframe imageframe-dropshadow imageframe-2 hover-type-none\"><a href=\"http:\/\/corporacionmasaveu.com\/wp-content\/uploads\/2015\/04\/Captura-de-pantalla-2015-04-08-a-las-18.49.08.png\" class=\"fusion-lightbox\" data-rel=\"iLightbox[15dcc8844d188ce287f]\"><img decoding=\"async\" src=\"http:\/\/corporacionmasaveu.com\/wp-content\/uploads\/2015\/04\/Captura-de-pantalla-2015-04-08-a-las-18.49.08.png\" alt=\"Ni\u00f1a de blanco, Author: Casas Carb\u00f3, Ram\u00f3n. Property of Colecci\u00f3n Masaveu. \u00a9 Fundaci\u00f3n Mar\u00eda Cristina Masaveu Peterson, 2013. Photography by Marcos Morilla.\" class=\"img-responsive\"\/><\/a><\/span><\/div><div class=\"fusion-clearfix\"><\/div><\/div><\/div>\n<div class=\"fusion-one-third fusion-layout-column fusion-column-last fusion-spacing-yes\" style=\"margin-top:0px;margin-bottom:20px;\"><div class=\"fusion-column-wrapper\"><div class=\"imageframe-align-center\"><span style=\"border:5px solid #f6f6f6;-moz-box-shadow: 2px 3px 7px rgba(0,0,0,.3);-webkit-box-shadow: 2px 3px 7px rgba(0,0,0,.3);box-shadow: 2px 3px 7px rgba(0,0,0,.3);\" class=\"fusion-imageframe imageframe-dropshadow imageframe-3 hover-type-none\"><a href=\"http:\/\/corporacionmasaveu.com\/wp-content\/uploads\/2015\/04\/Captura-de-pantalla-2015-04-08-a-las-18.47.01.png\" class=\"fusion-lightbox\" data-rel=\"iLightbox[9a5876297adb601027e]\"><img decoding=\"async\" src=\"http:\/\/corporacionmasaveu.com\/wp-content\/uploads\/2015\/04\/Captura-de-pantalla-2015-04-08-a-las-18.47.01.png\" alt=\"El Expolio. Author: El Greco. Domenicos Theotoc\u00f3puli. Property of Colecci\u00f3n Masaveu. \u00a9 Fundaci\u00f3n Mar\u00eda Cristina Masaveu Peterson, 2014. Photography by Marcos Morilla\" class=\"img-responsive\"\/><\/a><\/span><\/div><div class=\"fusion-clearfix\"><\/div><\/div><\/div><div class=\"fusion-clearfix\"><\/div>\n<div class=\"fusion-one-third fusion-layout-column fusion-spacing-yes\" style=\"margin-top:0px;margin-bottom:20px;\"><div class=\"fusion-column-wrapper\"><div class=\"imageframe-align-center\"><span style=\"border:5px solid #f6f6f6;-moz-box-shadow: 2px 3px 7px rgba(0,0,0,.3);-webkit-box-shadow: 2px 3px 7px rgba(0,0,0,.3);box-shadow: 2px 3px 7px rgba(0,0,0,.3);\" class=\"fusion-imageframe imageframe-dropshadow imageframe-4 hover-type-none\"><a href=\"http:\/\/corporacionmasaveu.com\/wp-content\/uploads\/2015\/04\/Captura-de-pantalla-2015-04-08-a-las-18.48.50.png\" class=\"fusion-lightbox\" data-rel=\"iLightbox[747741b5f3aaeda7456]\"><img decoding=\"async\" src=\"http:\/\/corporacionmasaveu.com\/wp-content\/uploads\/2015\/04\/Captura-de-pantalla-2015-04-08-a-las-18.48.50.png\" alt=\"El gusto. El bebedor. 1637 Author: Ribera, Jos\u00e9 de. Property of: Colecci\u00f3n Masaveu. \u00a9 Fundaci\u00f3n Mar\u00eda Cristina Masaveu Peterson, 2013Photography by Marcos Morilla. V 234\" class=\"img-responsive\"\/><\/a><\/span><\/div><div class=\"fusion-clearfix\"><\/div><\/div><\/div>\n<div class=\"fusion-one-third fusion-layout-column fusion-spacing-yes\" style=\"margin-top:0px;margin-bottom:20px;\"><div class=\"fusion-column-wrapper\"><div class=\"imageframe-align-center\"><span style=\"border:5px solid #f6f6f6;-moz-box-shadow: 2px 3px 7px rgba(0,0,0,.3);-webkit-box-shadow: 2px 3px 7px rgba(0,0,0,.3);box-shadow: 2px 3px 7px rgba(0,0,0,.3);\" class=\"fusion-imageframe imageframe-dropshadow imageframe-5 hover-type-none\"><a href=\"http:\/\/corporacionmasaveu.com\/wp-content\/uploads\/2015\/04\/Captura-de-pantalla-2015-04-08-a-las-18.49.35.png\" class=\"fusion-lightbox\" data-rel=\"iLightbox[97223f544111597eaad]\"><img decoding=\"async\" src=\"http:\/\/corporacionmasaveu.com\/wp-content\/uploads\/2015\/04\/Captura-de-pantalla-2015-04-08-a-las-18.49.35.png\" alt=\"Banderilleros (Suerte de Banderillas). 1793 Author: Goya y Lucientes, Francisco de. Property of Colecci\u00f3n Masaveu. \u00a9 Fundaci\u00f3n Mar\u00eda Cristina Masaveu Peterson, 2013.Photography by Marcos Morilla. MP O 89\" class=\"img-responsive\"\/><\/a><\/span><\/div><div class=\"fusion-clearfix\"><\/div><\/div><\/div>\n<div class=\"fusion-one-third fusion-layout-column fusion-column-last fusion-spacing-yes\" style=\"margin-top:0px;margin-bottom:20px;\"><div class=\"fusion-column-wrapper\"><div class=\"imageframe-align-center\"><span style=\"border:5px solid #f6f6f6;-moz-box-shadow: 2px 3px 7px rgba(0,0,0,.3);-webkit-box-shadow: 2px 3px 7px rgba(0,0,0,.3);box-shadow: 2px 3px 7px rgba(0,0,0,.3);\" class=\"fusion-imageframe imageframe-dropshadow imageframe-6 hover-type-none\"><a href=\"http:\/\/corporacionmasaveu.com\/wp-content\/uploads\/2015\/04\/Captura-de-pantalla-2015-04-08-a-las-18.49.00.png\" class=\"fusion-lightbox\" data-rel=\"iLightbox[8847784c978fdcd7892]\"><img decoding=\"async\" src=\"http:\/\/corporacionmasaveu.com\/wp-content\/uploads\/2015\/04\/Captura-de-pantalla-2015-04-08-a-las-18.49.00.png\" alt=\"La Virgen y el Ni\u00f1o, c.a. 1660-1665. Author: Bartolom\u00e9 Esteban Murillo. Property of Colecci\u00f3n Masaveu. \u00a9 Fundaci\u00f3n Mar\u00eda Cristina Masaveu Peterson, 2013. Photography by Marcos Morilla. V 235\" class=\"img-responsive\"\/><\/a><\/span><\/div><div class=\"fusion-clearfix\"><\/div><\/div><\/div><div class=\"fusion-clearfix\"><\/div>\n<div class=\"fusion-one-third fusion-layout-column fusion-spacing-yes\" style=\"margin-top:0px;margin-bottom:20px;\"><div class=\"fusion-column-wrapper\"><div class=\"imageframe-align-center\"><span style=\"border:5px solid #f6f6f6;-moz-box-shadow: 2px 3px 7px rgba(0,0,0,.3);-webkit-box-shadow: 2px 3px 7px rgba(0,0,0,.3);box-shadow: 2px 3px 7px rgba(0,0,0,.3);\" class=\"fusion-imageframe imageframe-dropshadow imageframe-7 hover-type-none\"><a href=\"http:\/\/corporacionmasaveu.com\/wp-content\/uploads\/2015\/04\/Captura-de-pantalla-2015-04-08-a-las-18.45.45.png\" class=\"fusion-lightbox\" data-rel=\"iLightbox[e61d76cf0da78fcba22]\"><img decoding=\"async\" src=\"http:\/\/corporacionmasaveu.com\/wp-content\/uploads\/2015\/04\/Captura-de-pantalla-2015-04-08-a-las-18.45.45.png\" alt=\"La familia de don Rafael Err\u00e1zuriz, 1905 Author: Sorolla y Bastida, Joaqu\u00edn. Property of Colecci\u00f3n Masaveu. \u00a9 Fundaci\u00f3n Mar\u00eda Cristina Masaveu Peterson.Photography by Marcos Morilla. M 163\" class=\"img-responsive\"\/><\/a><\/span><\/div><div class=\"fusion-clearfix\"><\/div><\/div><\/div>\n<div class=\"fusion-one-third fusion-layout-column fusion-spacing-yes\" style=\"margin-top:0px;margin-bottom:20px;\"><div class=\"fusion-column-wrapper\"><div class=\"imageframe-align-center\"><span style=\"border:5px solid #f6f6f6;-moz-box-shadow: 2px 3px 7px rgba(0,0,0,.3);-webkit-box-shadow: 2px 3px 7px rgba(0,0,0,.3);box-shadow: 2px 3px 7px rgba(0,0,0,.3);\" class=\"fusion-imageframe imageframe-dropshadow imageframe-8 hover-type-none\"><a href=\"http:\/\/corporacionmasaveu.com\/wp-content\/uploads\/2015\/04\/Captura-de-pantalla-2015-04-08-a-las-18.46.01.png\" class=\"fusion-lightbox\" data-rel=\"iLightbox[d2029b2991d1538f758]\"><img decoding=\"async\" src=\"http:\/\/corporacionmasaveu.com\/wp-content\/uploads\/2015\/04\/Captura-de-pantalla-2015-04-08-a-las-18.46.01.png\" alt=\"Cala Culip, Cadaqu\u00e9s Author: Meifr\u00e9n y Roig, Eliseo. Property of Colecci\u00f3n Masaveu. \u00a9 Fundaci\u00f3n Mar\u00eda Cristina Masaveu Peterson, 2013. Photography by Marcos Morilla.  M 179\" class=\"img-responsive\"\/><\/a><\/span><\/div><div class=\"fusion-clearfix\"><\/div><\/div><\/div>\n<div class=\"fusion-one-third fusion-layout-column fusion-column-last fusion-spacing-yes\" style=\"margin-top:0px;margin-bottom:20px;\"><div class=\"fusion-column-wrapper\"><div class=\"imageframe-align-center\"><span style=\"border:5px solid #f6f6f6;-moz-box-shadow: 2px 3px 7px rgba(0,0,0,.3);-webkit-box-shadow: 2px 3px 7px rgba(0,0,0,.3);box-shadow: 2px 3px 7px rgba(0,0,0,.3);\" class=\"fusion-imageframe imageframe-dropshadow imageframe-9 hover-type-none\"><a href=\"http:\/\/corporacionmasaveu.com\/wp-content\/uploads\/2015\/04\/Captura-de-pantalla-2015-04-08-a-las-18.46.36.png\" class=\"fusion-lightbox\" data-rel=\"iLightbox[6f15a7455d32177222a]\"><img decoding=\"async\" src=\"http:\/\/corporacionmasaveu.com\/wp-content\/uploads\/2015\/04\/Captura-de-pantalla-2015-04-08-a-las-18.46.36.png\" alt=\"Tr\u00edptico del descendimiento con donantes, san Juan Bautista y una santa. Ca. 1520 Author: Cleve Joos Van. Property of Colecci\u00f3n Masaveu. \u00a9 Fundaci\u00f3n Mar\u00eda Cristina Masaveu Peterson, 2013. Photography by Marcos Morilla.\" class=\"img-responsive\"\/><\/a><\/span><\/div><div class=\"fusion-clearfix\"><\/div><\/div><\/div><div class=\"fusion-clearfix\"><\/div>\n<div class=\"fusion-one-third fusion-layout-column fusion-spacing-yes\" style=\"margin-top:0px;margin-bottom:20px;\"><div class=\"fusion-column-wrapper\"><div class=\"imageframe-align-center\"><span style=\"border:5px solid #f6f6f6;-moz-box-shadow: 2px 3px 7px rgba(0,0,0,.3);-webkit-box-shadow: 2px 3px 7px rgba(0,0,0,.3);box-shadow: 2px 3px 7px rgba(0,0,0,.3);\" class=\"fusion-imageframe imageframe-dropshadow imageframe-10 hover-type-none\"><a href=\"http:\/\/corporacionmasaveu.com\/wp-content\/uploads\/2015\/04\/Captura-de-pantalla-2015-04-08-a-las-18.48.39.png\" class=\"fusion-lightbox\" data-rel=\"iLightbox[d2a5e7c63e4e3201ad6]\"><img decoding=\"async\" src=\"http:\/\/corporacionmasaveu.com\/wp-content\/uploads\/2015\/04\/Captura-de-pantalla-2015-04-08-a-las-18.48.39.png\" alt=\"El viol\u00edn, 1914. Author: Gris, Juan. Property of Colecci\u00f3n Masaveu. \u00a9 Fundaci\u00f3n Mar\u00eda Cristina Masaveu Peterson, 2013 Photography by Marcos Morilla.  V 223\" class=\"img-responsive\"\/><\/a><\/span><\/div><div class=\"fusion-clearfix\"><\/div><\/div><\/div>\n<div class=\"fusion-one-third fusion-layout-column fusion-spacing-yes\" style=\"margin-top:0px;margin-bottom:20px;\"><div class=\"fusion-column-wrapper\"><div class=\"imageframe-align-center\"><span style=\"border:5px solid #f6f6f6;-moz-box-shadow: 2px 3px 7px rgba(0,0,0,.3);-webkit-box-shadow: 2px 3px 7px rgba(0,0,0,.3);box-shadow: 2px 3px 7px rgba(0,0,0,.3);\" class=\"fusion-imageframe imageframe-dropshadow imageframe-11 hover-type-none\"><a href=\"http:\/\/corporacionmasaveu.com\/wp-content\/uploads\/2015\/04\/Captura-de-pantalla-2015-04-08-a-las-18.48.15.png\" class=\"fusion-lightbox\" data-rel=\"iLightbox[5c2b515ca696f58b3fa]\"><img decoding=\"async\" src=\"http:\/\/corporacionmasaveu.com\/wp-content\/uploads\/2015\/04\/Captura-de-pantalla-2015-04-08-a-las-18.48.15.png\" alt=\"Primavera. Author: Romero de Torres. Property of Colecci\u00f3n Masaveu. \u00a9 Fundaci\u00f3n Mar\u00eda Cristina Masaveu Peterson, 2013 Photography by Marcos Morilla. CM 492\" class=\"img-responsive\"\/><\/a><\/span><\/div><div class=\"fusion-clearfix\"><\/div><\/div><\/div>\n<div class=\"fusion-one-third fusion-layout-column fusion-column-last fusion-spacing-yes\" style=\"margin-top:0px;margin-bottom:20px;\"><div class=\"fusion-column-wrapper\"><div class=\"imageframe-align-center\"><span style=\"border:5px solid #f6f6f6;-moz-box-shadow: 2px 3px 7px rgba(0,0,0,.3);-webkit-box-shadow: 2px 3px 7px rgba(0,0,0,.3);box-shadow: 2px 3px 7px rgba(0,0,0,.3);\" class=\"fusion-imageframe imageframe-dropshadow imageframe-12 hover-type-none\"><a href=\"http:\/\/corporacionmasaveu.com\/wp-content\/uploads\/2015\/04\/Captura-de-pantalla-2015-04-08-a-las-18.47.56.png\" class=\"fusion-lightbox\" data-rel=\"iLightbox[aff03c85963bdbfcad8]\"><img decoding=\"async\" src=\"http:\/\/corporacionmasaveu.com\/wp-content\/uploads\/2015\/04\/Captura-de-pantalla-2015-04-08-a-las-18.47.56.png\" alt=\"Primavera. Author: Romero de Torres. Property of Colecci\u00f3n Masaveu. \u00a9 Fundaci\u00f3n Mar\u00eda Cristina Masaveu Peterson, 2013 Photography by Marcos Morilla. CM 492\" class=\"img-responsive\"\/><\/a><\/span><\/div><div class=\"fusion-clearfix\"><\/div><\/div><\/div><div class=\"fusion-clearfix\"><\/div>\n<div class=\"fusion-one-third fusion-layout-column fusion-spacing-yes\" style=\"margin-top:0px;margin-bottom:20px;\"><div class=\"fusion-column-wrapper\"><div class=\"imageframe-align-center\"><span style=\"border:5px solid #f6f6f6;-moz-box-shadow: 2px 3px 7px rgba(0,0,0,.3);-webkit-box-shadow: 2px 3px 7px rgba(0,0,0,.3);box-shadow: 2px 3px 7px rgba(0,0,0,.3);\" class=\"fusion-imageframe imageframe-dropshadow imageframe-13 hover-type-none\"><a href=\"http:\/\/corporacionmasaveu.com\/wp-content\/uploads\/2015\/04\/Captura-de-pantalla-2015-04-08-a-las-18.49.21.png\" class=\"fusion-lightbox\" data-rel=\"iLightbox[a2ecd525d4c57a2a5e8]\"><img decoding=\"async\" src=\"http:\/\/corporacionmasaveu.com\/wp-content\/uploads\/2015\/04\/Captura-de-pantalla-2015-04-08-a-las-18.49.21.png\" alt=\"Catalina, Author: Ram\u00f3n Casas. Property of Colecci\u00f3n Masaveu. \u00a9 Fundaci\u00f3n Mar\u00eda Cristina Masaveu Peterson, 2013 Photography by fotograf\u00eda: Marcos Morilla. FM 394\" class=\"img-responsive\"\/><\/a><\/span><\/div><div class=\"fusion-clearfix\"><\/div><\/div><\/div>\n<div class=\"fusion-one-third fusion-layout-column fusion-spacing-yes\" style=\"margin-top:0px;margin-bottom:20px;\"><div class=\"fusion-column-wrapper\"><div class=\"imageframe-align-center\"><span style=\"border:5px solid #f6f6f6;-moz-box-shadow: 2px 3px 7px rgba(0,0,0,.3);-webkit-box-shadow: 2px 3px 7px rgba(0,0,0,.3);box-shadow: 2px 3px 7px rgba(0,0,0,.3);\" class=\"fusion-imageframe imageframe-dropshadow imageframe-14 hover-type-none\"><a href=\"http:\/\/corporacionmasaveu.com\/wp-content\/uploads\/2015\/04\/Captura-de-pantalla-2015-04-08-a-las-18.46.13.png\" class=\"fusion-lightbox\" data-rel=\"iLightbox[01dde0f2344a50a1b45]\"><img decoding=\"async\" src=\"http:\/\/corporacionmasaveu.com\/wp-content\/uploads\/2015\/04\/Captura-de-pantalla-2015-04-08-a-las-18.46.13.png\" alt=\"Gitana (Estudio de Gitana). 1906 Author: Nonell y Monturioll, Isidro. Property of Colecci\u00f3n Masaveu \u00a9 Fundaci\u00f3n Mar\u00eda Cristina Masaveu Peterson. Photography by Marcos Morilla. M 214\" class=\"img-responsive\"\/><\/a><\/span><\/div><div class=\"fusion-clearfix\"><\/div><\/div><\/div>\n<div class=\"fusion-one-third fusion-layout-column fusion-column-last fusion-spacing-yes\" style=\"margin-top:0px;margin-bottom:20px;\"><div class=\"fusion-column-wrapper\"><div class=\"imageframe-align-center\"><span style=\"border:5px solid #f6f6f6;-moz-box-shadow: 2px 3px 7px rgba(0,0,0,.3);-webkit-box-shadow: 2px 3px 7px rgba(0,0,0,.3);box-shadow: 2px 3px 7px rgba(0,0,0,.3);\" class=\"fusion-imageframe imageframe-dropshadow imageframe-15 hover-type-none\"><a href=\"http:\/\/corporacionmasaveu.com\/wp-content\/uploads\/2015\/04\/Captura-de-pantalla-2015-04-08-a-las-18.46.49.png\" class=\"fusion-lightbox\" data-rel=\"iLightbox[a1cc8520c96114a32a0]\"><img decoding=\"async\" src=\"http:\/\/corporacionmasaveu.com\/wp-content\/uploads\/2015\/04\/Captura-de-pantalla-2015-04-08-a-las-18.46.49.png\" alt=\"La \u00faltima cena. h. 1500 Author: Maestro de Perea. Property of Colecci\u00f3n Masaveu. \u00a9 Fundaci\u00f3n Mar\u00eda Cristina Masaveu Peterson, 2013 Photography by Marcos Morilla. CM 448\" class=\"img-responsive\"\/><\/a><\/span><\/div><div class=\"fusion-clearfix\"><\/div><\/div><\/div><div class=\"fusion-clearfix\"><\/div>\n","protected":false},"excerpt":{"rendered":"","protected":false},"author":1,"featured_media":0,"parent":0,"menu_order":0,"comment_status":"open","ping_status":"open","template":"","meta":{"footnotes":""},"class_list":["post-6793","page","type-page","status-publish","hentry"],"yoast_head":"<!-- This site is optimized with the Yoast SEO plugin v27.3 - https:\/\/yoast.com\/product\/yoast-seo-wordpress\/ -->\n<title>Art Gallery - Corporaci\u00f3n Masaveu<\/title>\n<meta name=\"robots\" content=\"index, follow, max-snippet:-1, max-image-preview:large, max-video-preview:-1\" \/>\n<link rel=\"canonical\" href=\"https:\/\/corporacionmasaveu.com\/en\/art-gallery\/\" \/>\n<meta property=\"og:locale\" content=\"en_US\" \/>\n<meta property=\"og:type\" content=\"article\" \/>\n<meta property=\"og:title\" content=\"Art Gallery - Corporaci\u00f3n Masaveu\" \/>\n<meta property=\"og:url\" content=\"https:\/\/corporacionmasaveu.com\/en\/art-gallery\/\" \/>\n<meta property=\"og:site_name\" content=\"Corporaci\u00f3n Masaveu\" \/>\n<meta property=\"article:modified_time\" content=\"2015-04-10T10:53:19+00:00\" \/>\n<meta property=\"og:image\" content=\"http:\/\/corporacionmasaveu.com\/wp-content\/uploads\/2015\/04\/Captura-de-pantalla-2015-04-08-a-las-18.49.50.png\" \/>\n<meta name=\"twitter:card\" content=\"summary_large_image\" \/>\n<meta name=\"twitter:site\" content=\"@MasaveuCorp\" \/>\n<meta name=\"twitter:label1\" content=\"Est. reading time\" \/>\n\t<meta name=\"twitter:data1\" content=\"4 minutes\" \/>\n<script type=\"application\/ld+json\" class=\"yoast-schema-graph\">{\"@context\":\"https:\\\/\\\/schema.org\",\"@graph\":[{\"@type\":\"WebPage\",\"@id\":\"https:\\\/\\\/corporacionmasaveu.com\\\/en\\\/art-gallery\\\/\",\"url\":\"https:\\\/\\\/corporacionmasaveu.com\\\/en\\\/art-gallery\\\/\",\"name\":\"Art Gallery - Corporaci\u00f3n Masaveu\",\"isPartOf\":{\"@id\":\"https:\\\/\\\/corporacionmasaveu.com\\\/#website\"},\"primaryImageOfPage\":{\"@id\":\"https:\\\/\\\/corporacionmasaveu.com\\\/en\\\/art-gallery\\\/#primaryimage\"},\"image\":{\"@id\":\"https:\\\/\\\/corporacionmasaveu.com\\\/en\\\/art-gallery\\\/#primaryimage\"},\"thumbnailUrl\":\"http:\\\/\\\/corporacionmasaveu.com\\\/wp-content\\\/uploads\\\/2015\\\/04\\\/Captura-de-pantalla-2015-04-08-a-las-18.49.50.png\",\"datePublished\":\"2015-04-10T10:39:07+00:00\",\"dateModified\":\"2015-04-10T10:53:19+00:00\",\"breadcrumb\":{\"@id\":\"https:\\\/\\\/corporacionmasaveu.com\\\/en\\\/art-gallery\\\/#breadcrumb\"},\"inLanguage\":\"en-US\",\"potentialAction\":[{\"@type\":\"ReadAction\",\"target\":[\"https:\\\/\\\/corporacionmasaveu.com\\\/en\\\/art-gallery\\\/\"]}]},{\"@type\":\"ImageObject\",\"inLanguage\":\"en-US\",\"@id\":\"https:\\\/\\\/corporacionmasaveu.com\\\/en\\\/art-gallery\\\/#primaryimage\",\"url\":\"http:\\\/\\\/corporacionmasaveu.com\\\/wp-content\\\/uploads\\\/2015\\\/04\\\/Captura-de-pantalla-2015-04-08-a-las-18.49.50.png\",\"contentUrl\":\"http:\\\/\\\/corporacionmasaveu.com\\\/wp-content\\\/uploads\\\/2015\\\/04\\\/Captura-de-pantalla-2015-04-08-a-las-18.49.50.png\"},{\"@type\":\"BreadcrumbList\",\"@id\":\"https:\\\/\\\/corporacionmasaveu.com\\\/en\\\/art-gallery\\\/#breadcrumb\",\"itemListElement\":[{\"@type\":\"ListItem\",\"position\":1,\"name\":\"Portada\",\"item\":\"https:\\\/\\\/corporacionmasaveu.com\\\/en\\\/\"},{\"@type\":\"ListItem\",\"position\":2,\"name\":\"Art Gallery\"}]},{\"@type\":\"WebSite\",\"@id\":\"https:\\\/\\\/corporacionmasaveu.com\\\/#website\",\"url\":\"https:\\\/\\\/corporacionmasaveu.com\\\/\",\"name\":\"Corporaci\u00f3n Masaveu\",\"description\":\"\",\"potentialAction\":[{\"@type\":\"SearchAction\",\"target\":{\"@type\":\"EntryPoint\",\"urlTemplate\":\"https:\\\/\\\/corporacionmasaveu.com\\\/?s={search_term_string}\"},\"query-input\":{\"@type\":\"PropertyValueSpecification\",\"valueRequired\":true,\"valueName\":\"search_term_string\"}}],\"inLanguage\":\"en-US\"}]}<\/script>\n<!-- \/ Yoast SEO plugin. -->","yoast_head_json":{"title":"Art Gallery - Corporaci\u00f3n Masaveu","robots":{"index":"index","follow":"follow","max-snippet":"max-snippet:-1","max-image-preview":"max-image-preview:large","max-video-preview":"max-video-preview:-1"},"canonical":"https:\/\/corporacionmasaveu.com\/en\/art-gallery\/","og_locale":"en_US","og_type":"article","og_title":"Art Gallery - Corporaci\u00f3n Masaveu","og_url":"https:\/\/corporacionmasaveu.com\/en\/art-gallery\/","og_site_name":"Corporaci\u00f3n Masaveu","article_modified_time":"2015-04-10T10:53:19+00:00","og_image":[{"url":"http:\/\/corporacionmasaveu.com\/wp-content\/uploads\/2015\/04\/Captura-de-pantalla-2015-04-08-a-las-18.49.50.png","type":"","width":"","height":""}],"twitter_card":"summary_large_image","twitter_site":"@MasaveuCorp","twitter_misc":{"Est. reading time":"4 minutes"},"schema":{"@context":"https:\/\/schema.org","@graph":[{"@type":"WebPage","@id":"https:\/\/corporacionmasaveu.com\/en\/art-gallery\/","url":"https:\/\/corporacionmasaveu.com\/en\/art-gallery\/","name":"Art Gallery - Corporaci\u00f3n Masaveu","isPartOf":{"@id":"https:\/\/corporacionmasaveu.com\/#website"},"primaryImageOfPage":{"@id":"https:\/\/corporacionmasaveu.com\/en\/art-gallery\/#primaryimage"},"image":{"@id":"https:\/\/corporacionmasaveu.com\/en\/art-gallery\/#primaryimage"},"thumbnailUrl":"http:\/\/corporacionmasaveu.com\/wp-content\/uploads\/2015\/04\/Captura-de-pantalla-2015-04-08-a-las-18.49.50.png","datePublished":"2015-04-10T10:39:07+00:00","dateModified":"2015-04-10T10:53:19+00:00","breadcrumb":{"@id":"https:\/\/corporacionmasaveu.com\/en\/art-gallery\/#breadcrumb"},"inLanguage":"en-US","potentialAction":[{"@type":"ReadAction","target":["https:\/\/corporacionmasaveu.com\/en\/art-gallery\/"]}]},{"@type":"ImageObject","inLanguage":"en-US","@id":"https:\/\/corporacionmasaveu.com\/en\/art-gallery\/#primaryimage","url":"http:\/\/corporacionmasaveu.com\/wp-content\/uploads\/2015\/04\/Captura-de-pantalla-2015-04-08-a-las-18.49.50.png","contentUrl":"http:\/\/corporacionmasaveu.com\/wp-content\/uploads\/2015\/04\/Captura-de-pantalla-2015-04-08-a-las-18.49.50.png"},{"@type":"BreadcrumbList","@id":"https:\/\/corporacionmasaveu.com\/en\/art-gallery\/#breadcrumb","itemListElement":[{"@type":"ListItem","position":1,"name":"Portada","item":"https:\/\/corporacionmasaveu.com\/en\/"},{"@type":"ListItem","position":2,"name":"Art Gallery"}]},{"@type":"WebSite","@id":"https:\/\/corporacionmasaveu.com\/#website","url":"https:\/\/corporacionmasaveu.com\/","name":"Corporaci\u00f3n Masaveu","description":"","potentialAction":[{"@type":"SearchAction","target":{"@type":"EntryPoint","urlTemplate":"https:\/\/corporacionmasaveu.com\/?s={search_term_string}"},"query-input":{"@type":"PropertyValueSpecification","valueRequired":true,"valueName":"search_term_string"}}],"inLanguage":"en-US"}]}},"_links":{"self":[{"href":"https:\/\/corporacionmasaveu.com\/en\/wp-json\/wp\/v2\/pages\/6793","targetHints":{"allow":["GET"]}}],"collection":[{"href":"https:\/\/corporacionmasaveu.com\/en\/wp-json\/wp\/v2\/pages"}],"about":[{"href":"https:\/\/corporacionmasaveu.com\/en\/wp-json\/wp\/v2\/types\/page"}],"author":[{"embeddable":true,"href":"https:\/\/corporacionmasaveu.com\/en\/wp-json\/wp\/v2\/users\/1"}],"replies":[{"embeddable":true,"href":"https:\/\/corporacionmasaveu.com\/en\/wp-json\/wp\/v2\/comments?post=6793"}],"version-history":[{"count":4,"href":"https:\/\/corporacionmasaveu.com\/en\/wp-json\/wp\/v2\/pages\/6793\/revisions"}],"predecessor-version":[{"id":6804,"href":"https:\/\/corporacionmasaveu.com\/en\/wp-json\/wp\/v2\/pages\/6793\/revisions\/6804"}],"wp:attachment":[{"href":"https:\/\/corporacionmasaveu.com\/en\/wp-json\/wp\/v2\/media?parent=6793"}],"curies":[{"name":"wp","href":"https:\/\/api.w.org\/{rel}","templated":true}]}}