{"id":6236,"date":"2015-03-24T12:07:47","date_gmt":"2015-03-24T12:07:47","guid":{"rendered":"http:\/\/corporacionmasaveu.com\/?page_id=6236"},"modified":"2020-01-15T11:00:05","modified_gmt":"2020-01-15T11:00:05","slug":"the-books","status":"publish","type":"page","link":"https:\/\/corporacionmasaveu.com\/en\/masaveu-art\/the-books\/","title":{"rendered":"The Library"},"content":{"rendered":"<span style=\"-moz-box-shadow: 2px 3px 7px rgba(0,0,0,.3);-webkit-box-shadow: 2px 3px 7px rgba(0,0,0,.3);box-shadow: 2px 3px 7px rgba(0,0,0,.3);margin-right:25px;float:left;\" class=\"fusion-imageframe imageframe-dropshadow imageframe-1 hover-type-none\"><a href=\"http:\/\/corporacionmasaveu.com\/wp-content\/uploads\/2015\/04\/Captura-de-pantalla-2015-04-08-a-las-18.47.44.png\" class=\"fusion-lightbox\" data-rel=\"iLightbox[9f45f5dee544304abb1]\"><img loading=\"lazy\" decoding=\"async\" class=\"img-responsive \" src=\"http:\/\/corporacionmasaveu.com\/wp-content\/uploads\/2015\/04\/Captura-de-pantalla-2015-04-08-a-las-18.47.44.png\" alt=\"Libro de Horas. Ca. 1480-1500 Author: Poyet, Jean Propiedad: Colecci\u00f3n Masaveu. \u00a9 Fundaci\u00f3n Mar\u00eda Cristina Masaveu Peterson, 2013. Photography by: Santiago Relanz\u00f3n\" width=\"478\" height=\"356\" \/><\/a><\/span>\n<p style=\"text-align: justify;\">Corporaci\u00f3n Masaveu boasts a library including numerous first editions from some of the most important 16th and 17th century authors, amongst which we treasure the Book of Hours, an incunabulum dating back to between the 15th and 16th century by the author Jean Poyet, crafted with leather and paper, consisting of 106 pages with 21 lines on each, 13 of which include hand painted miniatures.  An unpublished Codex by Lope de Vega, which contains a variety of texts including poems, summaries of plays, letters and other pieces of writing also forms part of the collection. The library is a key component, mainly as a document archive but also  for reference purposes. With around 100,000 books and an extensive newspaper and document archive, the library forms a bibliographic and documentary heritage of great interest and value, serving as a magnificent source of knowledge and research.<\/p>\n<div class=\"fusion-slider-sc flexslider flexslider-hover-type-none\" style=\"max-width:100%;height:100%;\"><ul class=\"slides\"><li class=\"image\"><span class=\"hover-type-none\"><img  \/><\/span><\/li><\/ul><\/div>\n","protected":false},"excerpt":{"rendered":"","protected":false},"author":1,"featured_media":0,"parent":6232,"menu_order":0,"comment_status":"open","ping_status":"open","template":"","meta":{"footnotes":""},"class_list":["post-6236","page","type-page","status-publish","hentry"],"yoast_head":"<!-- This site is optimized with the Yoast SEO plugin v27.3 - https:\/\/yoast.com\/product\/yoast-seo-wordpress\/ -->\n<title>The Library - Corporaci\u00f3n Masaveu<\/title>\n<meta name=\"robots\" content=\"index, follow, max-snippet:-1, max-image-preview:large, max-video-preview:-1\" \/>\n<link rel=\"canonical\" href=\"https:\/\/corporacionmasaveu.com\/en\/masaveu-art\/the-books\/\" \/>\n<meta property=\"og:locale\" content=\"en_US\" \/>\n<meta property=\"og:type\" content=\"article\" \/>\n<meta property=\"og:title\" content=\"The Library - Corporaci\u00f3n Masaveu\" \/>\n<meta property=\"og:url\" content=\"https:\/\/corporacionmasaveu.com\/en\/masaveu-art\/the-books\/\" \/>\n<meta property=\"og:site_name\" content=\"Corporaci\u00f3n Masaveu\" \/>\n<meta property=\"article:modified_time\" content=\"2020-01-15T11:00:05+00:00\" \/>\n<meta property=\"og:image\" content=\"http:\/\/corporacionmasaveu.com\/wp-content\/uploads\/2015\/04\/Captura-de-pantalla-2015-04-08-a-las-18.47.44.png\" \/>\n<meta name=\"twitter:card\" content=\"summary_large_image\" \/>\n<meta name=\"twitter:site\" content=\"@MasaveuCorp\" \/>\n<meta name=\"twitter:label1\" content=\"Est. reading time\" \/>\n\t<meta name=\"twitter:data1\" content=\"1 minute\" \/>\n<script type=\"application\/ld+json\" class=\"yoast-schema-graph\">{\"@context\":\"https:\\\/\\\/schema.org\",\"@graph\":[{\"@type\":\"WebPage\",\"@id\":\"https:\\\/\\\/corporacionmasaveu.com\\\/en\\\/masaveu-art\\\/the-books\\\/\",\"url\":\"https:\\\/\\\/corporacionmasaveu.com\\\/en\\\/masaveu-art\\\/the-books\\\/\",\"name\":\"The Library - Corporaci\u00f3n Masaveu\",\"isPartOf\":{\"@id\":\"https:\\\/\\\/corporacionmasaveu.com\\\/#website\"},\"primaryImageOfPage\":{\"@id\":\"https:\\\/\\\/corporacionmasaveu.com\\\/en\\\/masaveu-art\\\/the-books\\\/#primaryimage\"},\"image\":{\"@id\":\"https:\\\/\\\/corporacionmasaveu.com\\\/en\\\/masaveu-art\\\/the-books\\\/#primaryimage\"},\"thumbnailUrl\":\"http:\\\/\\\/corporacionmasaveu.com\\\/wp-content\\\/uploads\\\/2015\\\/04\\\/Captura-de-pantalla-2015-04-08-a-las-18.47.44.png\",\"datePublished\":\"2015-03-24T12:07:47+00:00\",\"dateModified\":\"2020-01-15T11:00:05+00:00\",\"breadcrumb\":{\"@id\":\"https:\\\/\\\/corporacionmasaveu.com\\\/en\\\/masaveu-art\\\/the-books\\\/#breadcrumb\"},\"inLanguage\":\"en-US\",\"potentialAction\":[{\"@type\":\"ReadAction\",\"target\":[\"https:\\\/\\\/corporacionmasaveu.com\\\/en\\\/masaveu-art\\\/the-books\\\/\"]}]},{\"@type\":\"ImageObject\",\"inLanguage\":\"en-US\",\"@id\":\"https:\\\/\\\/corporacionmasaveu.com\\\/en\\\/masaveu-art\\\/the-books\\\/#primaryimage\",\"url\":\"http:\\\/\\\/corporacionmasaveu.com\\\/wp-content\\\/uploads\\\/2015\\\/04\\\/Captura-de-pantalla-2015-04-08-a-las-18.47.44.png\",\"contentUrl\":\"http:\\\/\\\/corporacionmasaveu.com\\\/wp-content\\\/uploads\\\/2015\\\/04\\\/Captura-de-pantalla-2015-04-08-a-las-18.47.44.png\"},{\"@type\":\"BreadcrumbList\",\"@id\":\"https:\\\/\\\/corporacionmasaveu.com\\\/en\\\/masaveu-art\\\/the-books\\\/#breadcrumb\",\"itemListElement\":[{\"@type\":\"ListItem\",\"position\":1,\"name\":\"Portada\",\"item\":\"https:\\\/\\\/corporacionmasaveu.com\\\/en\\\/\"},{\"@type\":\"ListItem\",\"position\":2,\"name\":\"Masaveu Art\",\"item\":\"https:\\\/\\\/corporacionmasaveu.com\\\/en\\\/masaveu-art\\\/\"},{\"@type\":\"ListItem\",\"position\":3,\"name\":\"The Library\"}]},{\"@type\":\"WebSite\",\"@id\":\"https:\\\/\\\/corporacionmasaveu.com\\\/#website\",\"url\":\"https:\\\/\\\/corporacionmasaveu.com\\\/\",\"name\":\"Corporaci\u00f3n Masaveu\",\"description\":\"\",\"potentialAction\":[{\"@type\":\"SearchAction\",\"target\":{\"@type\":\"EntryPoint\",\"urlTemplate\":\"https:\\\/\\\/corporacionmasaveu.com\\\/?s={search_term_string}\"},\"query-input\":{\"@type\":\"PropertyValueSpecification\",\"valueRequired\":true,\"valueName\":\"search_term_string\"}}],\"inLanguage\":\"en-US\"}]}<\/script>\n<!-- \/ Yoast SEO plugin. -->","yoast_head_json":{"title":"The Library - Corporaci\u00f3n Masaveu","robots":{"index":"index","follow":"follow","max-snippet":"max-snippet:-1","max-image-preview":"max-image-preview:large","max-video-preview":"max-video-preview:-1"},"canonical":"https:\/\/corporacionmasaveu.com\/en\/masaveu-art\/the-books\/","og_locale":"en_US","og_type":"article","og_title":"The Library - Corporaci\u00f3n Masaveu","og_url":"https:\/\/corporacionmasaveu.com\/en\/masaveu-art\/the-books\/","og_site_name":"Corporaci\u00f3n Masaveu","article_modified_time":"2020-01-15T11:00:05+00:00","og_image":[{"url":"http:\/\/corporacionmasaveu.com\/wp-content\/uploads\/2015\/04\/Captura-de-pantalla-2015-04-08-a-las-18.47.44.png","type":"","width":"","height":""}],"twitter_card":"summary_large_image","twitter_site":"@MasaveuCorp","twitter_misc":{"Est. reading time":"1 minute"},"schema":{"@context":"https:\/\/schema.org","@graph":[{"@type":"WebPage","@id":"https:\/\/corporacionmasaveu.com\/en\/masaveu-art\/the-books\/","url":"https:\/\/corporacionmasaveu.com\/en\/masaveu-art\/the-books\/","name":"The Library - Corporaci\u00f3n Masaveu","isPartOf":{"@id":"https:\/\/corporacionmasaveu.com\/#website"},"primaryImageOfPage":{"@id":"https:\/\/corporacionmasaveu.com\/en\/masaveu-art\/the-books\/#primaryimage"},"image":{"@id":"https:\/\/corporacionmasaveu.com\/en\/masaveu-art\/the-books\/#primaryimage"},"thumbnailUrl":"http:\/\/corporacionmasaveu.com\/wp-content\/uploads\/2015\/04\/Captura-de-pantalla-2015-04-08-a-las-18.47.44.png","datePublished":"2015-03-24T12:07:47+00:00","dateModified":"2020-01-15T11:00:05+00:00","breadcrumb":{"@id":"https:\/\/corporacionmasaveu.com\/en\/masaveu-art\/the-books\/#breadcrumb"},"inLanguage":"en-US","potentialAction":[{"@type":"ReadAction","target":["https:\/\/corporacionmasaveu.com\/en\/masaveu-art\/the-books\/"]}]},{"@type":"ImageObject","inLanguage":"en-US","@id":"https:\/\/corporacionmasaveu.com\/en\/masaveu-art\/the-books\/#primaryimage","url":"http:\/\/corporacionmasaveu.com\/wp-content\/uploads\/2015\/04\/Captura-de-pantalla-2015-04-08-a-las-18.47.44.png","contentUrl":"http:\/\/corporacionmasaveu.com\/wp-content\/uploads\/2015\/04\/Captura-de-pantalla-2015-04-08-a-las-18.47.44.png"},{"@type":"BreadcrumbList","@id":"https:\/\/corporacionmasaveu.com\/en\/masaveu-art\/the-books\/#breadcrumb","itemListElement":[{"@type":"ListItem","position":1,"name":"Portada","item":"https:\/\/corporacionmasaveu.com\/en\/"},{"@type":"ListItem","position":2,"name":"Masaveu Art","item":"https:\/\/corporacionmasaveu.com\/en\/masaveu-art\/"},{"@type":"ListItem","position":3,"name":"The Library"}]},{"@type":"WebSite","@id":"https:\/\/corporacionmasaveu.com\/#website","url":"https:\/\/corporacionmasaveu.com\/","name":"Corporaci\u00f3n Masaveu","description":"","potentialAction":[{"@type":"SearchAction","target":{"@type":"EntryPoint","urlTemplate":"https:\/\/corporacionmasaveu.com\/?s={search_term_string}"},"query-input":{"@type":"PropertyValueSpecification","valueRequired":true,"valueName":"search_term_string"}}],"inLanguage":"en-US"}]}},"_links":{"self":[{"href":"https:\/\/corporacionmasaveu.com\/en\/wp-json\/wp\/v2\/pages\/6236","targetHints":{"allow":["GET"]}}],"collection":[{"href":"https:\/\/corporacionmasaveu.com\/en\/wp-json\/wp\/v2\/pages"}],"about":[{"href":"https:\/\/corporacionmasaveu.com\/en\/wp-json\/wp\/v2\/types\/page"}],"author":[{"embeddable":true,"href":"https:\/\/corporacionmasaveu.com\/en\/wp-json\/wp\/v2\/users\/1"}],"replies":[{"embeddable":true,"href":"https:\/\/corporacionmasaveu.com\/en\/wp-json\/wp\/v2\/comments?post=6236"}],"version-history":[{"count":3,"href":"https:\/\/corporacionmasaveu.com\/en\/wp-json\/wp\/v2\/pages\/6236\/revisions"}],"predecessor-version":[{"id":6796,"href":"https:\/\/corporacionmasaveu.com\/en\/wp-json\/wp\/v2\/pages\/6236\/revisions\/6796"}],"up":[{"embeddable":true,"href":"https:\/\/corporacionmasaveu.com\/en\/wp-json\/wp\/v2\/pages\/6232"}],"wp:attachment":[{"href":"https:\/\/corporacionmasaveu.com\/en\/wp-json\/wp\/v2\/media?parent=6236"}],"curies":[{"name":"wp","href":"https:\/\/api.w.org\/{rel}","templated":true}]}}