{"id":6235,"date":"2015-03-24T12:03:36","date_gmt":"2015-03-24T12:03:36","guid":{"rendered":"http:\/\/corporacionmasaveu.com\/?page_id=6235"},"modified":"2020-01-15T11:00:15","modified_gmt":"2020-01-15T11:00:15","slug":"coleccion-masaveu-paintings","status":"publish","type":"page","link":"https:\/\/corporacionmasaveu.com\/en\/masaveu-art\/coleccion-masaveu-paintings\/","title":{"rendered":"Colecci\u00f3n Masaveu paintings"},"content":{"rendered":"<span style=\"-moz-box-shadow: 2px 3px 7px rgba(0,0,0,.3);-webkit-box-shadow: 2px 3px 7px rgba(0,0,0,.3);box-shadow: 2px 3px 7px rgba(0,0,0,.3);margin-right:25px;float:left;\" class=\"fusion-imageframe imageframe-dropshadow imageframe-1 hover-type-none\"><a href=\"http:\/\/corporacionmasaveu.com\/wp-content\/uploads\/2015\/04\/Captura-de-pantalla-2015-04-08-a-las-18.48.30.png\" class=\"fusion-lightbox\" data-rel=\"iLightbox[910ac3a41a450627129]\"><img loading=\"lazy\" decoding=\"async\" class=\"img-responsive \" src=\"http:\/\/corporacionmasaveu.com\/wp-content\/uploads\/2015\/04\/Captura-de-pantalla-2015-04-08-a-las-18.48.30.png\" alt=\"Naturaleza muerta con besugos, naranjas, ajos, un pa\u00f1o y utensilios sobre la mesa, 1772. Author: Mel\u00e9ndez, Luis. Property: Colecci\u00f3n Masaveu. \u00a9 Fundaci\u00f3n Mar\u00eda Cristina Masaveu Peterson, 2013 Photography by: Marcos Morilla\" width=\"355\" height=\"232\" \/><\/a><\/span>\n<p style=\"text-align: justify;\">Over the course of five generations, the Masaveu family has shown their passion for art in all of its different expressions, enriching the collection with pieces from both the national and international scene, to form an art collection which, apart from other values and particularities, is marked by tradition, an open spirit and continuity. Works by artists of outstanding prestige such as El Greco, Zurbar\u00e1n, Goya, Braque, Warhol, Hiepes, Antonio L\u00f3pez or Barcel\u00f3, form Colecci\u00f3n Masaveu, conceived as one of the most important private collections in Spain.<\/p>\n<p>The private initiative of Colecci\u00f3n Masaveu has played an essential role in the conservation, diffusion and recovery of Spanish artistic heritage, by acquiring artworks by renowned Spanish artists in foreign markets for later exhibition. Consequently, thanks to such patronage, unique, highly valuable pieces, in many cases emblems of the best Spanish art of all times, have returned to our country.<\/p>\n<p style=\"text-align: justify;\">A great number of artworks have been bought abroad and returned to Spain, to once again form part of the county\u2019s artistic capital, allowing for them to be studied, restored and conserved and making them available for society to enjoy. Examples of Spanish art which has been recovered abroad, amongst many others, are pieces from artists such as El Greco, Juan de Arellano, Luis Mel\u00e9ndez, Santiago Rusi\u00f1ol, Joaqu\u00edn Sorolla and Joan Mir\u00f3. These acquisitions, together with an open loans regime, are serving to open the Masaveu Collection up to society in general and helping to fulfill its commitment to the well-being and continuous improvement of the collection.<\/p>\n<p><span style=\"-webkit-border-radius:10;-moz-border-radius:10;border-radius:10;-moz-box-shadow: 2px 3px 7px rgba(0,0,0,.3);-webkit-box-shadow: 2px 3px 7px rgba(0,0,0,.3);box-shadow: 2px 3px 7px rgba(0,0,0,.3);margin-left:25px;float:right;\" class=\"fusion-imageframe imageframe-dropshadow imageframe-2 hover-type-none\"><a href=\"http:\/\/corporacionmasaveu.com\/wp-content\/uploads\/2015\/04\/Captura-de-pantalla-2015-04-08-a-las-18.47.28.png\" class=\"fusion-lightbox\" data-rel=\"iLightbox[31c7874e399f4a5658d]\"><img loading=\"lazy\" decoding=\"async\" class=\"img-responsive \" style=\"-webkit-border-radius:10;-moz-border-radius:10;border-radius:10;\" src=\"http:\/\/corporacionmasaveu.com\/wp-content\/uploads\/2015\/04\/Captura-de-pantalla-2015-04-08-a-las-18.47.28.png\" alt=\"Le grand bal, 1891. Autor Santiago Rusi\u00f1ol y Prats. Property of: Colecci\u00f3n Masaveu. \u00a9 Fundaci\u00f3n Mar\u00eda Cristina Masaveu Peterson, 2013 Photography by Marcos Morilla\" width=\"266\" height=\"321\" \/><\/a><\/span>\nSince March 2013, Colecci\u00f3n Masaveu has been managed by Fundaci\u00f3n Mar\u00eda Cristina Masaveu Peterson, this foundation organises cultural projects, exhibitions and publications, in line with its founding aims, which are based on the diffusion of Spanish Historical Heritage and the general promotion of arts and culture. This agreement has not only awarded this prestigious artistic heritage greater diffusion and recognition in our society, but has also contributed to funding the optimum conservation and constant restoration which the artworks require.<\/p>\n<p style=\"text-align: justify;\">Along these lines, in collaboration with Madrid City Council, Fundaci\u00f3n M\u00aa Masaveu Peterson organized the outstanding exhibition \u201cDel Rom\u00e1nico a la Ilustraci\u00f3n. Imagen y Materia\u201d, in Centrocentro Cibeles. The display was open to the public from the end of 2013 until the middle of 2014, offering visitors the unique opportunity to admire 64 paintings and sculptures, dating between the 12th and 19th centuries, by some of the most renowned Spanish artists such as El Greco, Zurbar\u00e1n, Ribera, Murillo and Alonso Cano. The exhibition also featured European geniuses such as Matthis Gerung, El Bosco and Joos van Cleve.<\/p>\n<p style=\"text-align: right;\">\n<div class=\"fusion-button-wrapper\"><style type=\"text\/css\" scoped=\"scoped\">.fusion-button.button-1 .fusion-button-text, .fusion-button.button-1 i {color:#fff;}.fusion-button.button-1 {border-width:0px;border-color:#fff;}.fusion-button.button-1 .fusion-button-icon-divider{border-color:#fff;}.fusion-button.button-1:hover .fusion-button-text, .fusion-button.button-1:hover i,.fusion-button.button-1:focus .fusion-button-text, .fusion-button.button-1:focus i,.fusion-button.button-1:active .fusion-button-text, .fusion-button.button-1:active{color:#fff;}.fusion-button.button-1:hover, .fusion-button.button-1:focus, .fusion-button.button-1:active{border-width:0px;border-color:#fff;}.fusion-button.button-1:hover .fusion-button-icon-divider, .fusion-button.button-1:hover .fusion-button-icon-divider, .fusion-button.button-1:active .fusion-button-icon-divider{border-color:#fff;}.fusion-button.button-1{background: rgba(0,69,46,1.0);}.fusion-button.button-1:hover,.button-1:focus,.fusion-button.button-1:active{background: rgba(181,0,82,1.0);}.fusion-button.button-1{width:auto;}<\/style><a class=\"fusion-button button-flat button-square button-large button-custom button-1\" target=\"_blank\" title=\"View Online Gallery\" href=\"http:\/\/corporacionmasaveu.com\/en\/art-gallery\/\"><i class=\"fa fa-eye button-icon-left\"><\/i><span class=\"fusion-button-text\">View Online Gallery<\/span><\/a><\/div>\n","protected":false},"excerpt":{"rendered":"","protected":false},"author":1,"featured_media":0,"parent":6232,"menu_order":0,"comment_status":"open","ping_status":"open","template":"","meta":{"footnotes":""},"class_list":["post-6235","page","type-page","status-publish","hentry"],"yoast_head":"<!-- This site is optimized with the Yoast SEO plugin v27.3 - https:\/\/yoast.com\/product\/yoast-seo-wordpress\/ -->\n<title>Colecci\u00f3n Masaveu paintings - Corporaci\u00f3n Masaveu<\/title>\n<meta name=\"robots\" content=\"index, follow, max-snippet:-1, max-image-preview:large, max-video-preview:-1\" \/>\n<link rel=\"canonical\" href=\"https:\/\/corporacionmasaveu.com\/en\/masaveu-art\/coleccion-masaveu-paintings\/\" \/>\n<meta property=\"og:locale\" content=\"en_US\" \/>\n<meta property=\"og:type\" content=\"article\" \/>\n<meta property=\"og:title\" content=\"Colecci\u00f3n Masaveu paintings - Corporaci\u00f3n Masaveu\" \/>\n<meta property=\"og:url\" content=\"https:\/\/corporacionmasaveu.com\/en\/masaveu-art\/coleccion-masaveu-paintings\/\" \/>\n<meta property=\"og:site_name\" content=\"Corporaci\u00f3n Masaveu\" \/>\n<meta property=\"article:modified_time\" content=\"2020-01-15T11:00:15+00:00\" \/>\n<meta property=\"og:image\" content=\"http:\/\/corporacionmasaveu.com\/wp-content\/uploads\/2015\/04\/Captura-de-pantalla-2015-04-08-a-las-18.48.30.png\" \/>\n<meta name=\"twitter:card\" content=\"summary_large_image\" \/>\n<meta name=\"twitter:site\" content=\"@MasaveuCorp\" \/>\n<meta name=\"twitter:label1\" content=\"Est. reading time\" \/>\n\t<meta name=\"twitter:data1\" content=\"3 minutes\" \/>\n<script type=\"application\/ld+json\" class=\"yoast-schema-graph\">{\"@context\":\"https:\\\/\\\/schema.org\",\"@graph\":[{\"@type\":\"WebPage\",\"@id\":\"https:\\\/\\\/corporacionmasaveu.com\\\/en\\\/masaveu-art\\\/coleccion-masaveu-paintings\\\/\",\"url\":\"https:\\\/\\\/corporacionmasaveu.com\\\/en\\\/masaveu-art\\\/coleccion-masaveu-paintings\\\/\",\"name\":\"Colecci\u00f3n Masaveu paintings - Corporaci\u00f3n Masaveu\",\"isPartOf\":{\"@id\":\"https:\\\/\\\/corporacionmasaveu.com\\\/#website\"},\"primaryImageOfPage\":{\"@id\":\"https:\\\/\\\/corporacionmasaveu.com\\\/en\\\/masaveu-art\\\/coleccion-masaveu-paintings\\\/#primaryimage\"},\"image\":{\"@id\":\"https:\\\/\\\/corporacionmasaveu.com\\\/en\\\/masaveu-art\\\/coleccion-masaveu-paintings\\\/#primaryimage\"},\"thumbnailUrl\":\"http:\\\/\\\/corporacionmasaveu.com\\\/wp-content\\\/uploads\\\/2015\\\/04\\\/Captura-de-pantalla-2015-04-08-a-las-18.48.30.png\",\"datePublished\":\"2015-03-24T12:03:36+00:00\",\"dateModified\":\"2020-01-15T11:00:15+00:00\",\"breadcrumb\":{\"@id\":\"https:\\\/\\\/corporacionmasaveu.com\\\/en\\\/masaveu-art\\\/coleccion-masaveu-paintings\\\/#breadcrumb\"},\"inLanguage\":\"en-US\",\"potentialAction\":[{\"@type\":\"ReadAction\",\"target\":[\"https:\\\/\\\/corporacionmasaveu.com\\\/en\\\/masaveu-art\\\/coleccion-masaveu-paintings\\\/\"]}]},{\"@type\":\"ImageObject\",\"inLanguage\":\"en-US\",\"@id\":\"https:\\\/\\\/corporacionmasaveu.com\\\/en\\\/masaveu-art\\\/coleccion-masaveu-paintings\\\/#primaryimage\",\"url\":\"http:\\\/\\\/corporacionmasaveu.com\\\/wp-content\\\/uploads\\\/2015\\\/04\\\/Captura-de-pantalla-2015-04-08-a-las-18.48.30.png\",\"contentUrl\":\"http:\\\/\\\/corporacionmasaveu.com\\\/wp-content\\\/uploads\\\/2015\\\/04\\\/Captura-de-pantalla-2015-04-08-a-las-18.48.30.png\"},{\"@type\":\"BreadcrumbList\",\"@id\":\"https:\\\/\\\/corporacionmasaveu.com\\\/en\\\/masaveu-art\\\/coleccion-masaveu-paintings\\\/#breadcrumb\",\"itemListElement\":[{\"@type\":\"ListItem\",\"position\":1,\"name\":\"Portada\",\"item\":\"https:\\\/\\\/corporacionmasaveu.com\\\/en\\\/\"},{\"@type\":\"ListItem\",\"position\":2,\"name\":\"Masaveu Art\",\"item\":\"https:\\\/\\\/corporacionmasaveu.com\\\/en\\\/masaveu-art\\\/\"},{\"@type\":\"ListItem\",\"position\":3,\"name\":\"Colecci\u00f3n Masaveu paintings\"}]},{\"@type\":\"WebSite\",\"@id\":\"https:\\\/\\\/corporacionmasaveu.com\\\/#website\",\"url\":\"https:\\\/\\\/corporacionmasaveu.com\\\/\",\"name\":\"Corporaci\u00f3n Masaveu\",\"description\":\"\",\"potentialAction\":[{\"@type\":\"SearchAction\",\"target\":{\"@type\":\"EntryPoint\",\"urlTemplate\":\"https:\\\/\\\/corporacionmasaveu.com\\\/?s={search_term_string}\"},\"query-input\":{\"@type\":\"PropertyValueSpecification\",\"valueRequired\":true,\"valueName\":\"search_term_string\"}}],\"inLanguage\":\"en-US\"}]}<\/script>\n<!-- \/ Yoast SEO plugin. -->","yoast_head_json":{"title":"Colecci\u00f3n Masaveu paintings - Corporaci\u00f3n Masaveu","robots":{"index":"index","follow":"follow","max-snippet":"max-snippet:-1","max-image-preview":"max-image-preview:large","max-video-preview":"max-video-preview:-1"},"canonical":"https:\/\/corporacionmasaveu.com\/en\/masaveu-art\/coleccion-masaveu-paintings\/","og_locale":"en_US","og_type":"article","og_title":"Colecci\u00f3n Masaveu paintings - Corporaci\u00f3n Masaveu","og_url":"https:\/\/corporacionmasaveu.com\/en\/masaveu-art\/coleccion-masaveu-paintings\/","og_site_name":"Corporaci\u00f3n Masaveu","article_modified_time":"2020-01-15T11:00:15+00:00","og_image":[{"url":"http:\/\/corporacionmasaveu.com\/wp-content\/uploads\/2015\/04\/Captura-de-pantalla-2015-04-08-a-las-18.48.30.png","type":"","width":"","height":""}],"twitter_card":"summary_large_image","twitter_site":"@MasaveuCorp","twitter_misc":{"Est. reading time":"3 minutes"},"schema":{"@context":"https:\/\/schema.org","@graph":[{"@type":"WebPage","@id":"https:\/\/corporacionmasaveu.com\/en\/masaveu-art\/coleccion-masaveu-paintings\/","url":"https:\/\/corporacionmasaveu.com\/en\/masaveu-art\/coleccion-masaveu-paintings\/","name":"Colecci\u00f3n Masaveu paintings - Corporaci\u00f3n Masaveu","isPartOf":{"@id":"https:\/\/corporacionmasaveu.com\/#website"},"primaryImageOfPage":{"@id":"https:\/\/corporacionmasaveu.com\/en\/masaveu-art\/coleccion-masaveu-paintings\/#primaryimage"},"image":{"@id":"https:\/\/corporacionmasaveu.com\/en\/masaveu-art\/coleccion-masaveu-paintings\/#primaryimage"},"thumbnailUrl":"http:\/\/corporacionmasaveu.com\/wp-content\/uploads\/2015\/04\/Captura-de-pantalla-2015-04-08-a-las-18.48.30.png","datePublished":"2015-03-24T12:03:36+00:00","dateModified":"2020-01-15T11:00:15+00:00","breadcrumb":{"@id":"https:\/\/corporacionmasaveu.com\/en\/masaveu-art\/coleccion-masaveu-paintings\/#breadcrumb"},"inLanguage":"en-US","potentialAction":[{"@type":"ReadAction","target":["https:\/\/corporacionmasaveu.com\/en\/masaveu-art\/coleccion-masaveu-paintings\/"]}]},{"@type":"ImageObject","inLanguage":"en-US","@id":"https:\/\/corporacionmasaveu.com\/en\/masaveu-art\/coleccion-masaveu-paintings\/#primaryimage","url":"http:\/\/corporacionmasaveu.com\/wp-content\/uploads\/2015\/04\/Captura-de-pantalla-2015-04-08-a-las-18.48.30.png","contentUrl":"http:\/\/corporacionmasaveu.com\/wp-content\/uploads\/2015\/04\/Captura-de-pantalla-2015-04-08-a-las-18.48.30.png"},{"@type":"BreadcrumbList","@id":"https:\/\/corporacionmasaveu.com\/en\/masaveu-art\/coleccion-masaveu-paintings\/#breadcrumb","itemListElement":[{"@type":"ListItem","position":1,"name":"Portada","item":"https:\/\/corporacionmasaveu.com\/en\/"},{"@type":"ListItem","position":2,"name":"Masaveu Art","item":"https:\/\/corporacionmasaveu.com\/en\/masaveu-art\/"},{"@type":"ListItem","position":3,"name":"Colecci\u00f3n Masaveu paintings"}]},{"@type":"WebSite","@id":"https:\/\/corporacionmasaveu.com\/#website","url":"https:\/\/corporacionmasaveu.com\/","name":"Corporaci\u00f3n Masaveu","description":"","potentialAction":[{"@type":"SearchAction","target":{"@type":"EntryPoint","urlTemplate":"https:\/\/corporacionmasaveu.com\/?s={search_term_string}"},"query-input":{"@type":"PropertyValueSpecification","valueRequired":true,"valueName":"search_term_string"}}],"inLanguage":"en-US"}]}},"_links":{"self":[{"href":"https:\/\/corporacionmasaveu.com\/en\/wp-json\/wp\/v2\/pages\/6235","targetHints":{"allow":["GET"]}}],"collection":[{"href":"https:\/\/corporacionmasaveu.com\/en\/wp-json\/wp\/v2\/pages"}],"about":[{"href":"https:\/\/corporacionmasaveu.com\/en\/wp-json\/wp\/v2\/types\/page"}],"author":[{"embeddable":true,"href":"https:\/\/corporacionmasaveu.com\/en\/wp-json\/wp\/v2\/users\/1"}],"replies":[{"embeddable":true,"href":"https:\/\/corporacionmasaveu.com\/en\/wp-json\/wp\/v2\/comments?post=6235"}],"version-history":[{"count":5,"href":"https:\/\/corporacionmasaveu.com\/en\/wp-json\/wp\/v2\/pages\/6235\/revisions"}],"predecessor-version":[{"id":6801,"href":"https:\/\/corporacionmasaveu.com\/en\/wp-json\/wp\/v2\/pages\/6235\/revisions\/6801"}],"up":[{"embeddable":true,"href":"https:\/\/corporacionmasaveu.com\/en\/wp-json\/wp\/v2\/pages\/6232"}],"wp:attachment":[{"href":"https:\/\/corporacionmasaveu.com\/en\/wp-json\/wp\/v2\/media?parent=6235"}],"curies":[{"name":"wp","href":"https:\/\/api.w.org\/{rel}","templated":true}]}}